{"id":767,"date":"2023-05-03T20:18:25","date_gmt":"2023-05-03T18:18:25","guid":{"rendered":"https:\/\/sergitours.com\/contacto\/"},"modified":"2023-05-10T10:19:36","modified_gmt":"2023-05-10T08:19:36","slug":"contact","status":"publish","type":"page","link":"https:\/\/sergitours.com\/fr\/contact\/","title":{"rendered":"Contact"},"content":{"rendered":"<div class=\"fusion-fullwidth fullwidth-box fusion-builder-row-1 fusion-flex-container has-pattern-background has-mask-background nonhundred-percent-fullwidth non-hundred-percent-height-scrolling\" style=\"--awb-border-radius-top-left:0px;--awb-border-radius-top-right:0px;--awb-border-radius-bottom-right:0px;--awb-border-radius-bottom-left:0px;--awb-padding-bottom:0px;--awb-margin-bottom:0px;--awb-flex-wrap:wrap;\" ><div class=\"fusion-builder-row fusion-row fusion-flex-align-items-stretch fusion-flex-content-wrap\" style=\"max-width:1248px;margin-left: calc(-4% \/ 2 );margin-right: calc(-4% \/ 2 );\"><div class=\"fusion-layout-column fusion_builder_column fusion-builder-column-0 fusion_builder_column_2_3 2_3 fusion-flex-column\" style=\"--awb-bg-size:cover;--awb-width-large:66.666666666667%;--awb-margin-top-large:0px;--awb-spacing-right-large:2.88%;--awb-margin-bottom-large:20px;--awb-spacing-left-large:2.88%;--awb-width-medium:66.666666666667%;--awb-order-medium:0;--awb-spacing-right-medium:2.88%;--awb-spacing-left-medium:2.88%;--awb-width-small:100%;--awb-order-small:0;--awb-spacing-right-small:1.92%;--awb-spacing-left-small:1.92%;\"><div class=\"fusion-column-wrapper fusion-column-has-shadow fusion-flex-justify-content-flex-start fusion-content-layout-column\"><div class=\"fusion-title title fusion-title-1 fusion-sep-none fusion-title-text fusion-title-size-one\" style=\"--awb-margin-bottom:30px;\"><h1 class=\"fusion-title-heading title-heading-left\" style=\"margin:0;\">Contact<\/h1><\/div><div class=\"fusion-form fusion-form-builder fusion-form-form-wrapper fusion-form-706\" style=\"--awb-tooltip-text-color:#ffffff;--awb-tooltip-background-color:#333333;\" data-form-id=\"706\" data-config=\"{&quot;form_id&quot;:706,&quot;form_post_id&quot;:706,&quot;post_id&quot;:767,&quot;form_type&quot;:&quot;ajax&quot;,&quot;confirmation_type&quot;:&quot;message&quot;,&quot;redirect_url&quot;:&quot;&quot;,&quot;field_labels&quot;:{&quot;pr\\u00e9nom&quot;:&quot;Pr\\u00e9nom&quot;,&quot;email&quot;:&quot;Email&quot;,&quot;num\\u00e9ro_de_t\\u00e9l\\u00e9phone&quot;:&quot;Num\\u00e9ro de t\\u00e9l\\u00e9phone&quot;,&quot;tour&quot;:&quot;Quelle tourn\\u00e9e vous int\\u00e9resse?&quot;,&quot;date&quot;:&quot;Date&quot;,&quot;message&quot;:&quot;Message&quot;},&quot;field_logics&quot;:{&quot;pr\\u00e9nom&quot;:&quot;&quot;,&quot;email&quot;:&quot;&quot;,&quot;num\\u00e9ro_de_t\\u00e9l\\u00e9phone&quot;:&quot;&quot;,&quot;tour&quot;:&quot;&quot;,&quot;date&quot;:&quot;&quot;,&quot;message&quot;:&quot;&quot;,&quot;notice_1&quot;:&quot;&quot;},&quot;field_types&quot;:{&quot;pr\\u00e9nom&quot;:&quot;text&quot;,&quot;email&quot;:&quot;email&quot;,&quot;num\\u00e9ro_de_t\\u00e9l\\u00e9phone&quot;:&quot;phone_number&quot;,&quot;tour&quot;:&quot;select&quot;,&quot;date&quot;:&quot;date&quot;,&quot;message&quot;:&quot;textarea&quot;,&quot;notice_1&quot;:&quot;notice&quot;,&quot;submit_1&quot;:&quot;submit&quot;,&quot;recaptcha_1&quot;:&quot;recaptcha&quot;},&quot;nonce_method&quot;:&quot;ajax&quot;}\"><form action=\"https:\/\/sergitours.com\/fr\/contact\/\" method=\"post\" class=\"fusion-form fusion-form-706\"><div class=\"fusion-fullwidth fullwidth-box fusion-builder-row-1-1 fusion-flex-container has-pattern-background has-mask-background nonhundred-percent-fullwidth non-hundred-percent-height-scrolling\" style=\"--awb-border-radius-top-left:0px;--awb-border-radius-top-right:0px;--awb-border-radius-bottom-right:0px;--awb-border-radius-bottom-left:0px;--awb-flex-wrap:wrap;\" ><div class=\"fusion-builder-row fusion-row fusion-flex-align-items-flex-start fusion-flex-content-wrap\" style=\"width:104% !important;max-width:104% !important;margin-left: calc(-4% \/ 2 );margin-right: calc(-4% \/ 2 );\"><div class=\"fusion-layout-column fusion_builder_column fusion-builder-column-1 fusion_builder_column_1_1 1_1 fusion-flex-column\" style=\"--awb-bg-size:cover;--awb-width-large:100%;--awb-margin-top-large:0px;--awb-spacing-right-large:1.92%;--awb-margin-bottom-large:20px;--awb-spacing-left-large:1.92%;--awb-width-medium:100%;--awb-order-medium:0;--awb-spacing-right-medium:1.92%;--awb-spacing-left-medium:1.92%;--awb-width-small:100%;--awb-order-small:0;--awb-spacing-right-small:1.92%;--awb-spacing-left-small:1.92%;\"><div class=\"fusion-column-wrapper fusion-column-has-shadow fusion-flex-justify-content-flex-start fusion-content-layout-column\"><div class=\"fusion-form-field fusion-form-text-field fusion-form-label-above\" style=\"\" data-form-id=\"706\"><div class=\"fusion-form-label-wrapper\"><label for=\"pr\u00e9nom\">Pr\u00e9nom <abbr class=\"fusion-form-element-required\" title=\"required\">*<\/abbr><\/label><\/div><input type=\"text\"  data-empty-notice=\"Veuillez entrer votre pr\u00e9nom\" name=\"pr\u00e9nom\" id=\"pr\u00e9nom\" value=\"\"  class=\"fusion-form-input\" required=\"true\" aria-required=\"true\" data-holds-private-data=\"false\" minlength=\"0\"\/><\/div><div class=\"fusion-form-field fusion-form-email-field fusion-form-label-above\" style=\"\" data-form-id=\"706\"><div class=\"fusion-form-label-wrapper\"><label for=\"email\">Email <abbr class=\"fusion-form-element-required\" title=\"required\">*<\/abbr><\/label><\/div><div class=\"fusion-form-input-with-icon\"><i class=\"awb-form-icon fa-envelope fas\"><\/i><input type=\"email\"  data-empty-notice=\"Veuillez entrer votre email\" name=\"email\" id=\"email\" value=\"\"  class=\"fusion-form-input\" required=\"true\" aria-required=\"true\" data-holds-private-data=\"false\"\/><\/div><\/div><div class=\"fusion-form-field fusion-form-phone-number-field fusion-form-label-above\" style=\"\" data-form-id=\"706\"><div class=\"fusion-form-label-wrapper\"><label for=\"num\u00e9ro_de_t\u00e9l\u00e9phone\">Num\u00e9ro de t\u00e9l\u00e9phone <abbr class=\"fusion-form-element-required\" title=\"required\">*<\/abbr><\/label><\/div><div class=\"fusion-form-input-with-icon\"><i class=\"awb-form-icon fa-phone-square-alt fas\"><\/i><input type=\"tel\"  data-empty-notice=\"Veuillez entrer votre num\u00e9ro de t\u00e9l\u00e9phone\" name=\"num\u00e9ro_de_t\u00e9l\u00e9phone\" id=\"num\u00e9ro_de_t\u00e9l\u00e9phone\" value=\"\"  class=\"fusion-form-input\" required=\"true\" aria-required=\"true\" data-holds-private-data=\"false\"\/><\/div><\/div><div class=\"fusion-form-field fusion-form-select-field fusion-form-label-above\" style=\"\" data-form-id=\"706\"><label for=\"tour\">Quelle tourn\u00e9e vous int\u00e9resse? <abbr class=\"fusion-form-element-required\" title=\"required\">*<\/abbr><\/label><div class=\"fusion-select-wrapper\"><select tabindex=\"\" id=\"tour\" name=\"tour\" class=\"fusion-form-input\" required=\"true\" aria-required=\"true\" data-holds-private-data=\"false\"><option value=\"Visite de l\u2019Alc\u00e1zar\" >Visite de l\u2019Alc\u00e1zar<\/option><option value=\"Visite de la Cath\u00e9drale\" >Visite de la Cath\u00e9drale<\/option><option value=\"Visite Monumentale\" >Visite Monumentale<\/option><option value=\"Tour d\u2019une Journ\u00e9e\" >Tour d\u2019une Journ\u00e9e<\/option><option value=\"Tour \u00e0 Pied\" >Tour \u00e0 Pied<\/option><option value=\"Tour \u00e0 V\u00e9lo\" >Tour \u00e0 V\u00e9lo<\/option><option value=\"Visite sur Mesure\" >Visite sur Mesure<\/option><option value=\"Excursions\" >Excursions<\/option><\/select><div class=\"select-arrow\"><svg width=\"12\" height=\"8\" viewBox=\"0 0 12 8\" fill=\"none\" xmlns=\"http:\/\/www.w3.org\/2000\/svg\"> <path d=\"M1.5 1.75L6 6.25L10.5 1.75\" stroke=\"#6D6D6D\" stroke-width=\"2\" stroke-linecap=\"round\" stroke-linejoin=\"round\"\/> <\/svg><\/div><\/div><\/div><div class=\"fusion-form-field fusion-form-date-field fusion-form-label-above\" style=\"\" data-form-id=\"706\"><label for=\"date\">Date<\/label><div class=\"fusion-form-tooltip\"><i class=\"awb-icon-question-circle\"><\/i><span class=\"fusion-form-tooltip-content\">Veuillez indiquer pour quelle date vous demandez le Tour<\/span><\/div><input autocomplete=\"no\" type=\"date\" data-first-day=\"1\"  data-format=\"\" tabindex=\"\" id=\"date\" name=\"date\" data-type=\"custom\" value=\"\" data-holds-private-data=\"false\" class=\"fusion-form-input\"autocomplete=\"no\"\/><\/div><div class=\"fusion-form-field fusion-form-textarea-field fusion-form-label-above\" style=\"\" data-form-id=\"706\"><label for=\"message\">Message<\/label><textarea cols=\"40\"  minlength=\"0\"  rows=\"4\" tabindex=\"\" id=\"message\" name=\"message\" class=\"fusion-form-input\" placeholder=\"Indiquez toute information que vous jugez utile, s&#039;il vous pla\u00eet.\" data-holds-private-data=\"false\"><\/textarea><\/div><div class=\"form-submission-notices data-notice_1\" id=\"fusion-notices-1\"><div class=\"fusion-alert alert success alert-success fusion-alert-center fusion-form-response fusion-form-response-success awb-alert-native-link-color alert-dismissable awb-alert-close-boxed\" role=\"alert\"><div class=\"fusion-alert-content-wrapper\"><span class=\"alert-icon\"><i class=\"awb-icon-check-circle\" aria-hidden=\"true\"><\/i><\/span><span class=\"fusion-alert-content\">Merci! Votre message a \u00e9t\u00e9 envoy\u00e9 avec succ\u00e8s<\/span><\/div><button type=\"button\" class=\"close toggle-alert\" data-dismiss=\"alert\" aria-label=\"Close\">&times;<\/button><\/div><div class=\"fusion-alert alert error alert-danger fusion-alert-center fusion-form-response fusion-form-response-error awb-alert-native-link-color alert-dismissable awb-alert-close-boxed\" role=\"alert\"><div class=\"fusion-alert-content-wrapper\"><span class=\"alert-icon\"><i class=\"awb-icon-exclamation-triangle\" aria-hidden=\"true\"><\/i><\/span><span class=\"fusion-alert-content\">Une erreur s'est produite lors de l'envoi de votre message. Veuillez r\u00e9essayer.<\/span><\/div><button type=\"button\" class=\"close toggle-alert\" data-dismiss=\"alert\" aria-label=\"Close\">&times;<\/button><\/div><\/div><div class=\"fusion-form-field fusion-form-submit-field fusion-form-label-above\" style=\"\" data-form-id=\"706\"><div ><button type=\"submit\" class=\"fusion-button button-flat fusion-button-default-size button-custom fusion-button-default button-1 fusion-button-default-span  form-form-submit button-default\" style=\"--button_accent_color:var(--awb-color8);--button_accent_hover_color:var(--awb-color8);--button_border_hover_color:var(--awb-color1);--button_gradient_top_color:var(--awb-color1);--button_gradient_bottom_color:var(--awb-color1);--button_gradient_top_color_hover:var(--awb-color4);--button_gradient_bottom_color_hover:var(--awb-color4);\" data-form-number=\"706\" tabindex=\"\"><span class=\"fusion-button-text\">Envoyer<\/span><\/button><\/div><\/div><div class=\"fusion-form-field fusion-form-recaptcha-field fusion-form-label-above\" style=\"\" data-form-id=\"706\">\t\t\t\t<div class=\"form-creator-recaptcha\" >\n\t\t\t\t\t\t\t\t\t\t\t\t\t\t\t\t\t\t\t\t\t\t\t<div class=\"fusion-form-recaptcha-wrapper\">\n\t\t\t\t\t\t\t\t\t\t<div\n\t\t\t\t\t\t\tid=\"g-recaptcha-id-form-706\"\n\t\t\t\t\t\t\tclass=\"fusion-form-recaptcha-v3 recaptcha-container \"\n\t\t\t\t\t\t\tdata-sitekey=\"6LendtUlAAAAANS8AMitSDka4FEmx1WmpTCgUSiX\"\n\t\t\t\t\t\t\tdata-badge=\"inline\">\n\t\t\t\t\t\t<\/div>\n\t\t\t\t\t\t<input\n\t\t\t\t\t\t\ttype=\"hidden\"\n\t\t\t\t\t\t\tname=\"fusion-form-recaptcha-response\"\n\t\t\t\t\t\t\tclass=\"g-recaptcha-response\"\n\t\t\t\t\t\t\tid=\"fusion-form-recaptcha-response-706\"\n\t\t\t\t\t\t\tvalue=\"\">\n\t\t\t\t\t\t\t\t\t<\/div>\n\t\t\t\t\t\t\t\t\t\t\t\t\t\t\t<\/div>\n\t\t\t\t<\/div><\/div><\/div><\/div><\/div><\/form><\/div><\/div><\/div><div class=\"fusion-layout-column fusion_builder_column fusion-builder-column-2 fusion_builder_column_1_3 1_3 fusion-flex-column fusion-flex-align-self-flex-start\" style=\"--awb-bg-size:cover;--awb-width-large:33.333333333333%;--awb-margin-top-large:160px;--awb-spacing-right-large:5.76%;--awb-margin-bottom-large:20px;--awb-spacing-left-large:5.76%;--awb-width-medium:33.333333333333%;--awb-order-medium:0;--awb-spacing-right-medium:5.76%;--awb-spacing-left-medium:5.76%;--awb-width-small:100%;--awb-order-small:0;--awb-margin-top-small:0px;--awb-spacing-right-small:1.92%;--awb-spacing-left-small:1.92%;\" data-scroll-devices=\"small-visibility,medium-visibility,large-visibility\"><div class=\"fusion-column-wrapper fusion-column-has-shadow fusion-flex-justify-content-flex-start fusion-content-layout-column\"><div class=\"fusion-text fusion-text-1\"><p><strong>Si vous avez des questions, n\u2019h\u00e9sitez pas \u00e0 me contacter par t\u00e9l\u00e9phone ou par e-mail:<\/strong><\/p>\n<\/div><ul style=\"--awb-line-height:27.2px;--awb-icon-width:27.2px;--awb-icon-height:27.2px;--awb-icon-margin:11.2px;--awb-content-margin:38.4px;--awb-circlecolor:var(--awb-color4);--awb-circle-yes-font-size:14.08px;\" class=\"fusion-checklist fusion-checklist-1 fusion-checklist-default type-icons\"><li class=\"fusion-li-item\" style=\"--awb-circlecolor:var(--awb-color6);\"><span class=\"icon-wrapper circle-yes\"><i class=\"fusion-li-icon fa-phone-alt fas\" aria-hidden=\"true\"><\/i><\/span><div class=\"fusion-li-item-content\">\n<p><a href=\"tel:0034651825058\">0034 651825058<\/a><\/p>\n<\/div><\/li><li class=\"fusion-li-item\" style=\"--awb-circlecolor:var(--awb-color6);\"><span class=\"icon-wrapper circle-yes\"><i class=\"fusion-li-icon fa-envelope fas\" aria-hidden=\"true\"><\/i><\/span><div class=\"fusion-li-item-content\">\n<p><a href=\"mailto:info@sergitours.com\">info@sergitours.com<\/a><\/p>\n<\/div><\/li><\/ul><\/div><\/div><\/div><\/div>\n","protected":false},"excerpt":{"rendered":"","protected":false},"author":1,"featured_media":0,"parent":0,"menu_order":0,"comment_status":"closed","ping_status":"closed","template":"100-width.php","meta":{"footnotes":""},"class_list":["post-767","page","type-page","status-publish","hentry"],"yoast_head":"<!-- This site is optimized with the Yoast SEO plugin v22.7 - https:\/\/yoast.com\/wordpress\/plugins\/seo\/ -->\n<title>Contact - Sergitours<\/title>\n<meta name=\"description\" content=\"R\u00e9servez maintenant votre visite de S\u00e9ville avec Sergitours. Visites monumentales, \u00e0 v\u00e9lo, sur mesure, promenades \u00e0 travers S\u00e9ville.\" \/>\n<meta name=\"robots\" content=\"index, follow, max-snippet:-1, max-image-preview:large, max-video-preview:-1\" \/>\n<link rel=\"canonical\" href=\"https:\/\/sergitours.com\/fr\/contact\/\" \/>\n<meta property=\"og:locale\" content=\"fr_FR\" \/>\n<meta property=\"og:type\" content=\"article\" \/>\n<meta property=\"og:title\" content=\"Contact - Sergitours\" \/>\n<meta property=\"og:description\" content=\"R\u00e9servez maintenant votre visite de S\u00e9ville avec Sergitours. Visites monumentales, \u00e0 v\u00e9lo, sur mesure, promenades \u00e0 travers S\u00e9ville.\" \/>\n<meta property=\"og:url\" content=\"https:\/\/sergitours.com\/fr\/contact\/\" \/>\n<meta property=\"og:site_name\" content=\"Sergitours\" \/>\n<meta property=\"article:modified_time\" content=\"2023-05-10T08:19:36+00:00\" \/>\n<meta name=\"twitter:card\" content=\"summary_large_image\" \/>\n<meta name=\"twitter:label1\" content=\"Dur\u00e9e de lecture estim\u00e9e\" \/>\n\t<meta name=\"twitter:data1\" content=\"3 minutes\" \/>\n<script type=\"application\/ld+json\" class=\"yoast-schema-graph\">{\"@context\":\"https:\/\/schema.org\",\"@graph\":[{\"@type\":\"WebPage\",\"@id\":\"https:\/\/sergitours.com\/fr\/contact\/\",\"url\":\"https:\/\/sergitours.com\/fr\/contact\/\",\"name\":\"Contact - Sergitours\",\"isPartOf\":{\"@id\":\"https:\/\/sergitours.com\/fr\/#website\"},\"datePublished\":\"2023-05-03T18:18:25+00:00\",\"dateModified\":\"2023-05-10T08:19:36+00:00\",\"description\":\"R\u00e9servez maintenant votre visite de S\u00e9ville avec Sergitours. Visites monumentales, \u00e0 v\u00e9lo, sur mesure, promenades \u00e0 travers S\u00e9ville.\",\"breadcrumb\":{\"@id\":\"https:\/\/sergitours.com\/fr\/contact\/#breadcrumb\"},\"inLanguage\":\"fr-FR\",\"potentialAction\":[{\"@type\":\"ReadAction\",\"target\":[\"https:\/\/sergitours.com\/fr\/contact\/\"]}]},{\"@type\":\"BreadcrumbList\",\"@id\":\"https:\/\/sergitours.com\/fr\/contact\/#breadcrumb\",\"itemListElement\":[{\"@type\":\"ListItem\",\"position\":1,\"name\":\"Portada\",\"item\":\"https:\/\/sergitours.com\/fr\/\"},{\"@type\":\"ListItem\",\"position\":2,\"name\":\"Contact\"}]},{\"@type\":\"WebSite\",\"@id\":\"https:\/\/sergitours.com\/fr\/#website\",\"url\":\"https:\/\/sergitours.com\/fr\/\",\"name\":\"Sergitours\",\"description\":\"Gu\u00eda tur\u00edstico en Sevilla\",\"publisher\":{\"@id\":\"https:\/\/sergitours.com\/fr\/#organization\"},\"potentialAction\":[{\"@type\":\"SearchAction\",\"target\":{\"@type\":\"EntryPoint\",\"urlTemplate\":\"https:\/\/sergitours.com\/fr\/?s={search_term_string}\"},\"query-input\":\"required name=search_term_string\"}],\"inLanguage\":\"fr-FR\"},{\"@type\":\"Organization\",\"@id\":\"https:\/\/sergitours.com\/fr\/#organization\",\"name\":\"SergiTours\",\"url\":\"https:\/\/sergitours.com\/fr\/\",\"logo\":{\"@type\":\"ImageObject\",\"inLanguage\":\"fr-FR\",\"@id\":\"https:\/\/sergitours.com\/fr\/#\/schema\/logo\/image\/\",\"url\":\"https:\/\/sergitours.com\/wp-content\/uploads\/2023\/04\/Logo-SergiTours-YoastSEO.png\",\"contentUrl\":\"https:\/\/sergitours.com\/wp-content\/uploads\/2023\/04\/Logo-SergiTours-YoastSEO.png\",\"width\":696,\"height\":696,\"caption\":\"SergiTours\"},\"image\":{\"@id\":\"https:\/\/sergitours.com\/fr\/#\/schema\/logo\/image\/\"}}]}<\/script>\n<!-- \/ Yoast SEO plugin. -->","yoast_head_json":{"title":"Contact - Sergitours","description":"R\u00e9servez maintenant votre visite de S\u00e9ville avec Sergitours. Visites monumentales, \u00e0 v\u00e9lo, sur mesure, promenades \u00e0 travers S\u00e9ville.","robots":{"index":"index","follow":"follow","max-snippet":"max-snippet:-1","max-image-preview":"max-image-preview:large","max-video-preview":"max-video-preview:-1"},"canonical":"https:\/\/sergitours.com\/fr\/contact\/","og_locale":"fr_FR","og_type":"article","og_title":"Contact - Sergitours","og_description":"R\u00e9servez maintenant votre visite de S\u00e9ville avec Sergitours. Visites monumentales, \u00e0 v\u00e9lo, sur mesure, promenades \u00e0 travers S\u00e9ville.","og_url":"https:\/\/sergitours.com\/fr\/contact\/","og_site_name":"Sergitours","article_modified_time":"2023-05-10T08:19:36+00:00","twitter_card":"summary_large_image","twitter_misc":{"Dur\u00e9e de lecture estim\u00e9e":"3 minutes"},"schema":{"@context":"https:\/\/schema.org","@graph":[{"@type":"WebPage","@id":"https:\/\/sergitours.com\/fr\/contact\/","url":"https:\/\/sergitours.com\/fr\/contact\/","name":"Contact - Sergitours","isPartOf":{"@id":"https:\/\/sergitours.com\/fr\/#website"},"datePublished":"2023-05-03T18:18:25+00:00","dateModified":"2023-05-10T08:19:36+00:00","description":"R\u00e9servez maintenant votre visite de S\u00e9ville avec Sergitours. Visites monumentales, \u00e0 v\u00e9lo, sur mesure, promenades \u00e0 travers S\u00e9ville.","breadcrumb":{"@id":"https:\/\/sergitours.com\/fr\/contact\/#breadcrumb"},"inLanguage":"fr-FR","potentialAction":[{"@type":"ReadAction","target":["https:\/\/sergitours.com\/fr\/contact\/"]}]},{"@type":"BreadcrumbList","@id":"https:\/\/sergitours.com\/fr\/contact\/#breadcrumb","itemListElement":[{"@type":"ListItem","position":1,"name":"Portada","item":"https:\/\/sergitours.com\/fr\/"},{"@type":"ListItem","position":2,"name":"Contact"}]},{"@type":"WebSite","@id":"https:\/\/sergitours.com\/fr\/#website","url":"https:\/\/sergitours.com\/fr\/","name":"Sergitours","description":"Gu\u00eda tur\u00edstico en Sevilla","publisher":{"@id":"https:\/\/sergitours.com\/fr\/#organization"},"potentialAction":[{"@type":"SearchAction","target":{"@type":"EntryPoint","urlTemplate":"https:\/\/sergitours.com\/fr\/?s={search_term_string}"},"query-input":"required name=search_term_string"}],"inLanguage":"fr-FR"},{"@type":"Organization","@id":"https:\/\/sergitours.com\/fr\/#organization","name":"SergiTours","url":"https:\/\/sergitours.com\/fr\/","logo":{"@type":"ImageObject","inLanguage":"fr-FR","@id":"https:\/\/sergitours.com\/fr\/#\/schema\/logo\/image\/","url":"https:\/\/sergitours.com\/wp-content\/uploads\/2023\/04\/Logo-SergiTours-YoastSEO.png","contentUrl":"https:\/\/sergitours.com\/wp-content\/uploads\/2023\/04\/Logo-SergiTours-YoastSEO.png","width":696,"height":696,"caption":"SergiTours"},"image":{"@id":"https:\/\/sergitours.com\/fr\/#\/schema\/logo\/image\/"}}]}},"_links":{"self":[{"href":"https:\/\/sergitours.com\/fr\/wp-json\/wp\/v2\/pages\/767","targetHints":{"allow":["GET"]}}],"collection":[{"href":"https:\/\/sergitours.com\/fr\/wp-json\/wp\/v2\/pages"}],"about":[{"href":"https:\/\/sergitours.com\/fr\/wp-json\/wp\/v2\/types\/page"}],"author":[{"embeddable":true,"href":"https:\/\/sergitours.com\/fr\/wp-json\/wp\/v2\/users\/1"}],"replies":[{"embeddable":true,"href":"https:\/\/sergitours.com\/fr\/wp-json\/wp\/v2\/comments?post=767"}],"version-history":[{"count":4,"href":"https:\/\/sergitours.com\/fr\/wp-json\/wp\/v2\/pages\/767\/revisions"}],"predecessor-version":[{"id":1059,"href":"https:\/\/sergitours.com\/fr\/wp-json\/wp\/v2\/pages\/767\/revisions\/1059"}],"wp:attachment":[{"href":"https:\/\/sergitours.com\/fr\/wp-json\/wp\/v2\/media?parent=767"}],"curies":[{"name":"wp","href":"https:\/\/api.w.org\/{rel}","templated":true}]}}