{"id":716,"date":"2023-04-26T18:38:19","date_gmt":"2023-04-26T16:38:19","guid":{"rendered":"https:\/\/sergitours.com\/sobre-mi\/"},"modified":"2023-05-08T12:08:51","modified_gmt":"2023-05-08T10:08:51","slug":"sur-moi","status":"publish","type":"page","link":"https:\/\/sergitours.com\/fr\/sur-moi\/","title":{"rendered":"Sur moi"},"content":{"rendered":"<div class=\"fusion-fullwidth fullwidth-box fusion-builder-row-1 fusion-flex-container has-pattern-background has-mask-background nonhundred-percent-fullwidth non-hundred-percent-height-scrolling\" style=\"--awb-border-radius-top-left:0px;--awb-border-radius-top-right:0px;--awb-border-radius-bottom-right:0px;--awb-border-radius-bottom-left:0px;--awb-padding-bottom:0px;--awb-margin-bottom:0px;--awb-flex-wrap:wrap;\" ><div class=\"fusion-builder-row fusion-row fusion-flex-align-items-stretch fusion-flex-content-wrap\" style=\"max-width:1248px;margin-left: calc(-4% \/ 2 );margin-right: calc(-4% \/ 2 );\"><div class=\"fusion-layout-column fusion_builder_column fusion-builder-column-0 fusion_builder_column_2_3 2_3 fusion-flex-column\" style=\"--awb-bg-size:cover;--awb-width-large:66.666666666667%;--awb-margin-top-large:0px;--awb-spacing-right-large:2.88%;--awb-margin-bottom-large:20px;--awb-spacing-left-large:2.88%;--awb-width-medium:66.666666666667%;--awb-order-medium:0;--awb-spacing-right-medium:2.88%;--awb-spacing-left-medium:2.88%;--awb-width-small:100%;--awb-order-small:0;--awb-spacing-right-small:1.92%;--awb-spacing-left-small:1.92%;\"><div class=\"fusion-column-wrapper fusion-column-has-shadow fusion-flex-justify-content-flex-start fusion-content-layout-column\"><div class=\"fusion-title title fusion-title-1 fusion-sep-none fusion-title-text fusion-title-size-one\" style=\"--awb-margin-bottom:30px;\"><h1 class=\"fusion-title-heading title-heading-left\" style=\"margin:0;\">Sur moi<\/h1><\/div><div class=\"fusion-text fusion-text-1\"><p>Bonjour! Je m\u2019appelle Sergio et je suis de S\u00e9ville. Je suis dipl\u00f4m\u00e9 en G\u00e9ographie depuis 2005 et je suis aussi Guide Touristique Officiel. Passionn\u00e9 de ma ville et de mon occupation, je montre, depuis plus de 15 ans, les monuments les plus c\u00e9l\u00e8bres et les coins les moins connus aux visiteurs. Je travaille comme guide officiel \u00e0 temps plein en fran\u00e7ais, anglais, espagnol et italien. Je poss\u00e8de des dipl\u00f4mes dans toutes les langues mentionn\u00e9es.<\/p>\n<p>Je suis une personne ouverte, sociable et sympathique proposant des visites guid\u00e9es sur mesure, les adaptant aux go\u00fbts et aux besoins des clients. J\u2019adore voyager et rencontrer des gens de diff\u00e9rents cultures, j\u2019ai visit\u00e9 la plupart des pays europ\u00e9ens et j\u2019ai m\u00eame travaill\u00e9 pendant quelques p\u00e9riodes en Angleterre.<\/p>\n<p>Si vous voulez visiter la ville de S\u00e9ville, conna\u00eetre ses l\u00e9gendes et curiosit\u00e9s de mani\u00e8re ludique et cr\u00e9er une exp\u00e9rience inoubliable, je suis votre guide!<\/p>\n<\/div><\/div><\/div><div class=\"fusion-layout-column fusion_builder_column fusion-builder-column-1 fusion_builder_column_1_3 1_3 fusion-flex-column fusion-flex-align-self-flex-end\" style=\"--awb-bg-size:cover;--awb-border-color:var(--awb-color6);--awb-border-style:solid;--awb-width-large:33.333333333333%;--awb-margin-top-large:0px;--awb-spacing-right-large:5.76%;--awb-margin-bottom-large:0px;--awb-spacing-left-large:5.76%;--awb-width-medium:33.333333333333%;--awb-order-medium:0;--awb-spacing-right-medium:5.76%;--awb-spacing-left-medium:5.76%;--awb-width-small:100%;--awb-order-small:0;--awb-spacing-right-small:1.92%;--awb-spacing-left-small:1.92%;\" data-scroll-devices=\"small-visibility,medium-visibility,large-visibility\"><div class=\"fusion-column-wrapper fusion-column-has-shadow fusion-flex-justify-content-flex-end fusion-content-layout-column\"><div class=\"fusion-image-element \" style=\"--awb-margin-bottom:0px;--awb-caption-title-font-family:var(--h2_typography-font-family);--awb-caption-title-font-weight:var(--h2_typography-font-weight);--awb-caption-title-font-style:var(--h2_typography-font-style);--awb-caption-title-size:var(--h2_typography-font-size);--awb-caption-title-transform:var(--h2_typography-text-transform);--awb-caption-title-line-height:var(--h2_typography-line-height);--awb-caption-title-letter-spacing:var(--h2_typography-letter-spacing);\"><span class=\" fusion-imageframe imageframe-none imageframe-1 hover-type-none\"><img decoding=\"async\" width=\"500\" height=\"760\" title=\"Sergio Serrano\" src=\"https:\/\/sergitours.com\/wp-content\/uploads\/2023\/05\/Perfil-Sergio-3-1.png\" alt class=\"img-responsive wp-image-357\" srcset=\"https:\/\/sergitours.com\/wp-content\/uploads\/2023\/05\/Perfil-Sergio-3-1-200x304.png 200w, https:\/\/sergitours.com\/wp-content\/uploads\/2023\/05\/Perfil-Sergio-3-1-400x608.png 400w, https:\/\/sergitours.com\/wp-content\/uploads\/2023\/05\/Perfil-Sergio-3-1.png 500w\" sizes=\"(max-width: 640px) 100vw, 400px\" \/><\/span><\/div><\/div><\/div><\/div><\/div>\n","protected":false},"excerpt":{"rendered":"","protected":false},"author":1,"featured_media":0,"parent":0,"menu_order":0,"comment_status":"closed","ping_status":"closed","template":"100-width.php","meta":{"footnotes":""},"class_list":["post-716","page","type-page","status-publish","hentry"],"yoast_head":"<!-- This site is optimized with the Yoast SEO plugin v22.7 - https:\/\/yoast.com\/wordpress\/plugins\/seo\/ -->\n<title>Sur moi - Sergitours<\/title>\n<meta name=\"description\" content=\"Si vous voulez visiter la ville de S\u00e9ville, conna\u00eetre ses l\u00e9gendes et curiosit\u00e9s de mani\u00e8re ludique et cr\u00e9er une exp\u00e9rience inoubliable, je suis votre guide!\" \/>\n<meta name=\"robots\" content=\"index, follow, max-snippet:-1, max-image-preview:large, max-video-preview:-1\" \/>\n<link rel=\"canonical\" href=\"https:\/\/sergitours.com\/fr\/sur-moi\/\" \/>\n<meta property=\"og:locale\" content=\"fr_FR\" \/>\n<meta property=\"og:type\" content=\"article\" \/>\n<meta property=\"og:title\" content=\"Sur moi - Sergitours\" \/>\n<meta property=\"og:description\" content=\"Si vous voulez visiter la ville de S\u00e9ville, conna\u00eetre ses l\u00e9gendes et curiosit\u00e9s de mani\u00e8re ludique et cr\u00e9er une exp\u00e9rience inoubliable, je suis votre guide!\" \/>\n<meta property=\"og:url\" content=\"https:\/\/sergitours.com\/fr\/sur-moi\/\" \/>\n<meta property=\"og:site_name\" content=\"Sergitours\" \/>\n<meta property=\"article:modified_time\" content=\"2023-05-08T10:08:51+00:00\" \/>\n<meta name=\"twitter:card\" content=\"summary_large_image\" \/>\n<meta name=\"twitter:label1\" content=\"Dur\u00e9e de lecture estim\u00e9e\" \/>\n\t<meta name=\"twitter:data1\" content=\"4 minutes\" \/>\n<script type=\"application\/ld+json\" class=\"yoast-schema-graph\">{\"@context\":\"https:\/\/schema.org\",\"@graph\":[{\"@type\":\"WebPage\",\"@id\":\"https:\/\/sergitours.com\/fr\/sur-moi\/\",\"url\":\"https:\/\/sergitours.com\/fr\/sur-moi\/\",\"name\":\"Sur moi - Sergitours\",\"isPartOf\":{\"@id\":\"https:\/\/sergitours.com\/fr\/#website\"},\"datePublished\":\"2023-04-26T16:38:19+00:00\",\"dateModified\":\"2023-05-08T10:08:51+00:00\",\"description\":\"Si vous voulez visiter la ville de S\u00e9ville, conna\u00eetre ses l\u00e9gendes et curiosit\u00e9s de mani\u00e8re ludique et cr\u00e9er une exp\u00e9rience inoubliable, je suis votre guide!\",\"breadcrumb\":{\"@id\":\"https:\/\/sergitours.com\/fr\/sur-moi\/#breadcrumb\"},\"inLanguage\":\"fr-FR\",\"potentialAction\":[{\"@type\":\"ReadAction\",\"target\":[\"https:\/\/sergitours.com\/fr\/sur-moi\/\"]}]},{\"@type\":\"BreadcrumbList\",\"@id\":\"https:\/\/sergitours.com\/fr\/sur-moi\/#breadcrumb\",\"itemListElement\":[{\"@type\":\"ListItem\",\"position\":1,\"name\":\"Portada\",\"item\":\"https:\/\/sergitours.com\/fr\/\"},{\"@type\":\"ListItem\",\"position\":2,\"name\":\"Sur moi\"}]},{\"@type\":\"WebSite\",\"@id\":\"https:\/\/sergitours.com\/fr\/#website\",\"url\":\"https:\/\/sergitours.com\/fr\/\",\"name\":\"Sergitours\",\"description\":\"Gu\u00eda tur\u00edstico en Sevilla\",\"publisher\":{\"@id\":\"https:\/\/sergitours.com\/fr\/#organization\"},\"potentialAction\":[{\"@type\":\"SearchAction\",\"target\":{\"@type\":\"EntryPoint\",\"urlTemplate\":\"https:\/\/sergitours.com\/fr\/?s={search_term_string}\"},\"query-input\":\"required name=search_term_string\"}],\"inLanguage\":\"fr-FR\"},{\"@type\":\"Organization\",\"@id\":\"https:\/\/sergitours.com\/fr\/#organization\",\"name\":\"SergiTours\",\"url\":\"https:\/\/sergitours.com\/fr\/\",\"logo\":{\"@type\":\"ImageObject\",\"inLanguage\":\"fr-FR\",\"@id\":\"https:\/\/sergitours.com\/fr\/#\/schema\/logo\/image\/\",\"url\":\"https:\/\/sergitours.com\/wp-content\/uploads\/2023\/04\/Logo-SergiTours-YoastSEO.png\",\"contentUrl\":\"https:\/\/sergitours.com\/wp-content\/uploads\/2023\/04\/Logo-SergiTours-YoastSEO.png\",\"width\":696,\"height\":696,\"caption\":\"SergiTours\"},\"image\":{\"@id\":\"https:\/\/sergitours.com\/fr\/#\/schema\/logo\/image\/\"}}]}<\/script>\n<!-- \/ Yoast SEO plugin. -->","yoast_head_json":{"title":"Sur moi - Sergitours","description":"Si vous voulez visiter la ville de S\u00e9ville, conna\u00eetre ses l\u00e9gendes et curiosit\u00e9s de mani\u00e8re ludique et cr\u00e9er une exp\u00e9rience inoubliable, je suis votre guide!","robots":{"index":"index","follow":"follow","max-snippet":"max-snippet:-1","max-image-preview":"max-image-preview:large","max-video-preview":"max-video-preview:-1"},"canonical":"https:\/\/sergitours.com\/fr\/sur-moi\/","og_locale":"fr_FR","og_type":"article","og_title":"Sur moi - Sergitours","og_description":"Si vous voulez visiter la ville de S\u00e9ville, conna\u00eetre ses l\u00e9gendes et curiosit\u00e9s de mani\u00e8re ludique et cr\u00e9er une exp\u00e9rience inoubliable, je suis votre guide!","og_url":"https:\/\/sergitours.com\/fr\/sur-moi\/","og_site_name":"Sergitours","article_modified_time":"2023-05-08T10:08:51+00:00","twitter_card":"summary_large_image","twitter_misc":{"Dur\u00e9e de lecture estim\u00e9e":"4 minutes"},"schema":{"@context":"https:\/\/schema.org","@graph":[{"@type":"WebPage","@id":"https:\/\/sergitours.com\/fr\/sur-moi\/","url":"https:\/\/sergitours.com\/fr\/sur-moi\/","name":"Sur moi - Sergitours","isPartOf":{"@id":"https:\/\/sergitours.com\/fr\/#website"},"datePublished":"2023-04-26T16:38:19+00:00","dateModified":"2023-05-08T10:08:51+00:00","description":"Si vous voulez visiter la ville de S\u00e9ville, conna\u00eetre ses l\u00e9gendes et curiosit\u00e9s de mani\u00e8re ludique et cr\u00e9er une exp\u00e9rience inoubliable, je suis votre guide!","breadcrumb":{"@id":"https:\/\/sergitours.com\/fr\/sur-moi\/#breadcrumb"},"inLanguage":"fr-FR","potentialAction":[{"@type":"ReadAction","target":["https:\/\/sergitours.com\/fr\/sur-moi\/"]}]},{"@type":"BreadcrumbList","@id":"https:\/\/sergitours.com\/fr\/sur-moi\/#breadcrumb","itemListElement":[{"@type":"ListItem","position":1,"name":"Portada","item":"https:\/\/sergitours.com\/fr\/"},{"@type":"ListItem","position":2,"name":"Sur moi"}]},{"@type":"WebSite","@id":"https:\/\/sergitours.com\/fr\/#website","url":"https:\/\/sergitours.com\/fr\/","name":"Sergitours","description":"Gu\u00eda tur\u00edstico en Sevilla","publisher":{"@id":"https:\/\/sergitours.com\/fr\/#organization"},"potentialAction":[{"@type":"SearchAction","target":{"@type":"EntryPoint","urlTemplate":"https:\/\/sergitours.com\/fr\/?s={search_term_string}"},"query-input":"required name=search_term_string"}],"inLanguage":"fr-FR"},{"@type":"Organization","@id":"https:\/\/sergitours.com\/fr\/#organization","name":"SergiTours","url":"https:\/\/sergitours.com\/fr\/","logo":{"@type":"ImageObject","inLanguage":"fr-FR","@id":"https:\/\/sergitours.com\/fr\/#\/schema\/logo\/image\/","url":"https:\/\/sergitours.com\/wp-content\/uploads\/2023\/04\/Logo-SergiTours-YoastSEO.png","contentUrl":"https:\/\/sergitours.com\/wp-content\/uploads\/2023\/04\/Logo-SergiTours-YoastSEO.png","width":696,"height":696,"caption":"SergiTours"},"image":{"@id":"https:\/\/sergitours.com\/fr\/#\/schema\/logo\/image\/"}}]}},"_links":{"self":[{"href":"https:\/\/sergitours.com\/fr\/wp-json\/wp\/v2\/pages\/716","targetHints":{"allow":["GET"]}}],"collection":[{"href":"https:\/\/sergitours.com\/fr\/wp-json\/wp\/v2\/pages"}],"about":[{"href":"https:\/\/sergitours.com\/fr\/wp-json\/wp\/v2\/types\/page"}],"author":[{"embeddable":true,"href":"https:\/\/sergitours.com\/fr\/wp-json\/wp\/v2\/users\/1"}],"replies":[{"embeddable":true,"href":"https:\/\/sergitours.com\/fr\/wp-json\/wp\/v2\/comments?post=716"}],"version-history":[{"count":2,"href":"https:\/\/sergitours.com\/fr\/wp-json\/wp\/v2\/pages\/716\/revisions"}],"predecessor-version":[{"id":718,"href":"https:\/\/sergitours.com\/fr\/wp-json\/wp\/v2\/pages\/716\/revisions\/718"}],"wp:attachment":[{"href":"https:\/\/sergitours.com\/fr\/wp-json\/wp\/v2\/media?parent=716"}],"curies":[{"name":"wp","href":"https:\/\/api.w.org\/{rel}","templated":true}]}}